{"id":2446,"date":"2025-09-29T12:21:48","date_gmt":"2025-09-29T12:21:48","guid":{"rendered":"https:\/\/norheimshus.no\/?page_id=2446"},"modified":"2025-10-02T07:19:37","modified_gmt":"2025-10-02T07:19:37","slug":"ulik-grad-av-ferdigstillelse","status":"publish","type":"page","link":"https:\/\/norheimshus.no\/?page_id=2446","title":{"rendered":"Ulik grad av ferdigstillelse"},"content":{"rendered":"\n<div class=\"wp-block-columns is-layout-flex wp-container-core-columns-is-layout-28f84493 wp-block-columns-is-layout-flex\">\n<div class=\"wp-block-column is-layout-flow wp-block-column-is-layout-flow\">\n<div style=\"height:3px\" aria-hidden=\"true\" class=\"wp-block-spacer\"><\/div>\n\n\n\n<h2 class=\"wp-block-heading\" style=\"font-size:30px\">Ulik grad av ferdigstillelse<\/h2>\n\n\n\n<p class=\"has-ast-global-color-2-color has-text-color has-link-color wp-elements-06f1f98df6c8e75a1a669127c7f82e1d\" style=\"margin-right:0\">Vi leverer fire forskjellige grader av ferdigstillelse; r\u00e5bygg, elektroklart, snekkerferdig og n\u00f8kkelferdig. Graden av ferdigstillelse gjenspeiler seg i prisen.<\/p>\n\n\n\n<div class=\"wp-block-columns has-white-background-color has-background is-layout-flex wp-container-core-columns-is-layout-12ca2eb4 wp-block-columns-is-layout-flex\" style=\"padding-right:0px;padding-left:0px\">\n<div class=\"wp-block-column is-vertically-aligned-center has-ast-global-color-5-background-color has-background is-layout-flow wp-block-column-is-layout-flow\" style=\"flex-basis:15%\">\n<figure class=\"wp-block-image size-full is-resized\" style=\"margin-top:0;margin-right:0;margin-bottom:0;margin-left:0\"><img fetchpriority=\"high\" decoding=\"async\" width=\"300\" height=\"300\" src=\"https:\/\/norheimshus.no\/wp-content\/uploads\/2025\/10\/Hus.png\" alt=\"\" class=\"wp-image-2588\" style=\"width:145px;height:auto\" srcset=\"https:\/\/norheimshus.no\/wp-content\/uploads\/2025\/10\/Hus.png 300w, https:\/\/norheimshus.no\/wp-content\/uploads\/2025\/10\/Hus-150x150.png 150w\" sizes=\"(max-width: 300px) 100vw, 300px\" \/><\/figure>\n<\/div>\n\n\n\n<div class=\"wp-block-column is-layout-flow wp-block-column-is-layout-flow\" style=\"padding-top:var(--wp--preset--spacing--30);padding-bottom:0;flex-basis:85%\">\n<h2 class=\"wp-block-heading has-medium-font-size\" style=\"padding-bottom:0px\">R\u00e5bygg<\/h2>\n\n\n\n<p class=\"has-ast-global-color-1-color has-text-color has-link-color wp-elements-442fd7f544729eb779ec30a10fa4767f\" style=\"margin-top:7px;margin-bottom:7px;font-size:15px\">R\u00e5bygg vil si komplett leveranse av prefabrikkerte veggelementer, ytterd\u00f8rer, vinduer, og alle<br>utvendige materialer ferdig oppf\u00f8rt. <\/p>\n<\/div>\n<\/div>\n\n\n\n<div class=\"wp-block-columns has-white-background-color has-background is-layout-flex wp-container-core-columns-is-layout-12ca2eb4 wp-block-columns-is-layout-flex\" style=\"padding-right:0px;padding-left:0px\">\n<div class=\"wp-block-column is-vertically-aligned-center has-ast-global-color-5-background-color has-background is-layout-flow wp-block-column-is-layout-flow\" style=\"flex-basis:15%\">\n<figure class=\"wp-block-image size-full is-resized\" style=\"margin-top:0;margin-right:0;margin-bottom:0;margin-left:0\"><img decoding=\"async\" width=\"300\" height=\"300\" src=\"https:\/\/norheimshus.no\/wp-content\/uploads\/2025\/09\/Elektroklar.png\" alt=\"\" class=\"wp-image-2401\" style=\"width:145px;height:auto\" srcset=\"https:\/\/norheimshus.no\/wp-content\/uploads\/2025\/09\/Elektroklar.png 300w, https:\/\/norheimshus.no\/wp-content\/uploads\/2025\/09\/Elektroklar-150x150.png 150w\" sizes=\"(max-width: 300px) 100vw, 300px\" \/><\/figure>\n<\/div>\n\n\n\n<div class=\"wp-block-column is-layout-flow wp-block-column-is-layout-flow\" style=\"padding-top:var(--wp--preset--spacing--30);padding-bottom:0;flex-basis:85%\">\n<h2 class=\"wp-block-heading has-medium-font-size\" style=\"padding-bottom:0px\">Elektroklart<\/h2>\n\n\n\n<p class=\"has-ast-global-color-1-color has-text-color has-link-color wp-elements-98cb6e2fefaafd6927ef5a54e3064a47\" style=\"margin-top:7px;margin-bottom:7px;font-size:15px\">Elektroklart vil si komplett leveranse av prefabrikkerte veggelementer, ytterd\u00f8rer, vinduer, og alle<br>utvendige materialer ferdig oppf\u00f8rt. Innvendig er bindingsverket til alle vegger montert, alt er<br>ferdig lektet, isolert og plastet, klart for elektriker og r\u00f8rlegger. Resterende innvendige materialer og<br>arbeider er ikke medregnet.<\/p>\n<\/div>\n<\/div>\n\n\n\n<div class=\"wp-block-columns has-white-background-color has-background is-layout-flex wp-container-core-columns-is-layout-12ca2eb4 wp-block-columns-is-layout-flex\" style=\"padding-right:0px;padding-left:0px\">\n<div class=\"wp-block-column is-vertically-aligned-center has-ast-global-color-5-background-color has-background is-layout-flow wp-block-column-is-layout-flow\" style=\"flex-basis:15%\">\n<figure class=\"wp-block-image size-full is-resized\" style=\"margin-top:0;margin-right:0;margin-bottom:0;margin-left:0\"><img decoding=\"async\" width=\"300\" height=\"300\" src=\"https:\/\/norheimshus.no\/wp-content\/uploads\/2025\/09\/Snekkerferdig-2.png\" alt=\"\" class=\"wp-image-2402\" style=\"width:147px;height:auto\" srcset=\"https:\/\/norheimshus.no\/wp-content\/uploads\/2025\/09\/Snekkerferdig-2.png 300w, https:\/\/norheimshus.no\/wp-content\/uploads\/2025\/09\/Snekkerferdig-2-150x150.png 150w\" sizes=\"(max-width: 300px) 100vw, 300px\" \/><\/figure>\n<\/div>\n\n\n\n<div class=\"wp-block-column is-layout-flow wp-block-column-is-layout-flow\" style=\"padding-top:var(--wp--preset--spacing--30);padding-bottom:0;flex-basis:85%\">\n<h2 class=\"wp-block-heading has-medium-font-size\" style=\"padding-bottom:0px\">Snekkerferdig<\/h2>\n\n\n\n<p class=\"has-ast-global-color-1-color has-text-color has-link-color wp-elements-e01e37e957d365f0fd487fa7077a4771\" style=\"margin-top:7px;margin-bottom:7px;font-size:15px\">Snekkerferdig leveranse inneholder det samme som elektroklart, men her det ogs\u00e5 med innvendige<br>veggplater, listverk, foringer, innerd\u00f8rer og trapp der hvor det er 2. etasje. Dette er ferdig<br>oppsatt av snekkerne. <\/p>\n<\/div>\n<\/div>\n\n\n\n<div class=\"wp-block-columns has-white-background-color has-background is-layout-flex wp-container-core-columns-is-layout-12ca2eb4 wp-block-columns-is-layout-flex\" style=\"padding-right:0px;padding-left:0px\">\n<div class=\"wp-block-column is-vertically-aligned-center has-ast-global-color-5-background-color has-background is-layout-flow wp-block-column-is-layout-flow\" style=\"flex-basis:15%\">\n<figure class=\"wp-block-image size-full is-resized\" style=\"margin-top:0;margin-right:0;margin-bottom:0;margin-left:0\"><img loading=\"lazy\" decoding=\"async\" width=\"300\" height=\"300\" src=\"https:\/\/norheimshus.no\/wp-content\/uploads\/2025\/09\/Nokkelferdig.png\" alt=\"\" class=\"wp-image-2403\" style=\"width:148px;height:auto\" srcset=\"https:\/\/norheimshus.no\/wp-content\/uploads\/2025\/09\/Nokkelferdig.png 300w, https:\/\/norheimshus.no\/wp-content\/uploads\/2025\/09\/Nokkelferdig-150x150.png 150w\" sizes=\"(max-width: 300px) 100vw, 300px\" \/><\/figure>\n<\/div>\n\n\n\n<div class=\"wp-block-column is-layout-flow wp-block-column-is-layout-flow\" style=\"padding-top:var(--wp--preset--spacing--30);padding-bottom:0;flex-basis:85%\">\n<h2 class=\"wp-block-heading has-medium-font-size\" style=\"padding-bottom:0px\">N\u00f8kkelferdig<\/h2>\n\n\n\n<p class=\"has-ast-global-color-1-color has-text-color has-link-color wp-elements-f332e50fc6e219a1012e4b8107448a89\" style=\"margin-top:7px;margin-bottom:7px;font-size:15px\">N\u00f8kkelferdig betyr komplett leveranse av prefabrikkerte veggelementer, designelementer, ytterd\u00f8rer,<br>vinduer og alle utvendige materialer ferdig oppf\u00f8rt. Innvendig leveres huset komplett med<br>veggpaneler, pergo laminat gulv, verdikort for kj\u00f8kken og hvitevarer, fliser p\u00e5 bad og i entr\u00e9, peisovn og<br>st\u00e5lpipe, vvs-arbeider og elektroarbeider. Her kan man flytte rett inn!<\/p>\n<\/div>\n<\/div>\n<\/div>\n<\/div>\n\n\n\n<div class=\"wp-block-group has-ast-global-color-2-background-color has-background is-layout-constrained wp-block-group-is-layout-constrained\">\n<h2 class=\"wp-block-heading has-ast-global-color-5-color has-text-color has-link-color wp-elements-84d5e544c88fd2a47edd6da1e3dd6872\" style=\"font-size:24px\">Ta kontakt for et pristilbud<\/h2>\n\n\n\n<p class=\"gb-text-b6922908\"><span class=\"gb-shape\"><svg id=\"Layer_1\" data-name=\"Layer 1\" xmlns=\"http:\/\/www.w3.org\/2000\/svg\" viewBox=\"0 0 122.88 122.88\"><defs><style>.cls-1{fill-rule:evenodd;}<\/style><\/defs><title>email-round-color<\/title><path class=\"cls-1\" d=\"M61.44,0A61.44,61.44,0,1,1,0,61.44,61.44,61.44,0,0,1,61.44,0ZM30.73,38,62,63.47,91.91,38Zm-2,42.89L51,58.55,28.71,40.39V80.87ZM53.43,60.55l-22.95,23H92.21l-21.94-23L63,66.71h0a1.57,1.57,0,0,1-2,0l-7.59-6.19Zm19.24-2,21.5,22.54V40.19L72.67,58.51Z\"\/><\/svg><\/span><span class=\"gb-text\">post@norheimshus.no<\/span><\/p>\n<\/div>\n\n\n\n<div style=\"height:71px\" aria-hidden=\"true\" class=\"wp-block-spacer\"><\/div>\n","protected":false},"excerpt":{"rendered":"<p>Ulik grad av ferdigstillelse Vi leverer fire forskjellige grader av ferdigstillelse; r\u00e5bygg, elektroklart, snekkerferdig og n\u00f8kkelferdig. Graden av ferdigstillelse gjenspeiler [&hellip;]<\/p>\n","protected":false},"author":1,"featured_media":0,"parent":0,"menu_order":0,"comment_status":"closed","ping_status":"closed","template":"","meta":{"_acf_changed":false,"site-sidebar-layout":"no-sidebar","site-content-layout":"","ast-site-content-layout":"default","site-content-style":"default","site-sidebar-style":"default","ast-global-header-display":"","ast-banner-title-visibility":"","ast-main-header-display":"","ast-hfb-above-header-display":"","ast-hfb-below-header-display":"","ast-hfb-mobile-header-display":"","site-post-title":"disabled","ast-breadcrumbs-content":"","ast-featured-img":"","footer-sml-layout":"","theme-transparent-header-meta":"","adv-header-id-meta":"","stick-header-meta":"","header-above-stick-meta":"","header-main-stick-meta":"","header-below-stick-meta":"","astra-migrate-meta-layouts":"default","ast-page-background-enabled":"default","ast-page-background-meta":{"desktop":{"background-color":"var(--ast-global-color-4)","background-image":"","background-repeat":"repeat","background-position":"center center","background-size":"auto","background-attachment":"scroll","background-type":"","background-media":"","overlay-type":"","overlay-color":"","overlay-opacity":"","overlay-gradient":""},"tablet":{"background-color":"","background-image":"","background-repeat":"repeat","background-position":"center center","background-size":"auto","background-attachment":"scroll","background-type":"","background-media":"","overlay-type":"","overlay-color":"","overlay-opacity":"","overlay-gradient":""},"mobile":{"background-color":"","background-image":"","background-repeat":"repeat","background-position":"center center","background-size":"auto","background-attachment":"scroll","background-type":"","background-media":"","overlay-type":"","overlay-color":"","overlay-opacity":"","overlay-gradient":""}},"ast-content-background-meta":{"desktop":{"background-color":"var(--ast-global-color-5)","background-image":"","background-repeat":"repeat","background-position":"center center","background-size":"auto","background-attachment":"scroll","background-type":"","background-media":"","overlay-type":"","overlay-color":"","overlay-opacity":"","overlay-gradient":""},"tablet":{"background-color":"var(--ast-global-color-5)","background-image":"","background-repeat":"repeat","background-position":"center center","background-size":"auto","background-attachment":"scroll","background-type":"","background-media":"","overlay-type":"","overlay-color":"","overlay-opacity":"","overlay-gradient":""},"mobile":{"background-color":"var(--ast-global-color-5)","background-image":"","background-repeat":"repeat","background-position":"center center","background-size":"auto","background-attachment":"scroll","background-type":"","background-media":"","overlay-type":"","overlay-color":"","overlay-opacity":"","overlay-gradient":""}},"footnotes":""},"class_list":["post-2446","page","type-page","status-publish","hentry"],"acf":[],"_links":{"self":[{"href":"https:\/\/norheimshus.no\/index.php?rest_route=\/wp\/v2\/pages\/2446","targetHints":{"allow":["GET"]}}],"collection":[{"href":"https:\/\/norheimshus.no\/index.php?rest_route=\/wp\/v2\/pages"}],"about":[{"href":"https:\/\/norheimshus.no\/index.php?rest_route=\/wp\/v2\/types\/page"}],"author":[{"embeddable":true,"href":"https:\/\/norheimshus.no\/index.php?rest_route=\/wp\/v2\/users\/1"}],"replies":[{"embeddable":true,"href":"https:\/\/norheimshus.no\/index.php?rest_route=%2Fwp%2Fv2%2Fcomments&post=2446"}],"version-history":[{"count":12,"href":"https:\/\/norheimshus.no\/index.php?rest_route=\/wp\/v2\/pages\/2446\/revisions"}],"predecessor-version":[{"id":2590,"href":"https:\/\/norheimshus.no\/index.php?rest_route=\/wp\/v2\/pages\/2446\/revisions\/2590"}],"wp:attachment":[{"href":"https:\/\/norheimshus.no\/index.php?rest_route=%2Fwp%2Fv2%2Fmedia&parent=2446"}],"curies":[{"name":"wp","href":"https:\/\/api.w.org\/{rel}","templated":true}]}}